{"id":92,"date":"2021-02-28T23:49:24","date_gmt":"2021-03-01T05:49:24","guid":{"rendered":"http:\/\/galeana.gob.mx\/?page_id=92"},"modified":"2026-02-03T12:17:17","modified_gmt":"2026-02-03T18:17:17","slug":"comunicacion-social","status":"publish","type":"page","link":"https:\/\/galeana.gob.mx\/index.php\/comunicacion-social\/","title":{"rendered":"Comunicaci\u00f3n Social"},"content":{"rendered":"\n<p><a rel=\"noreferrer noopener\" href=\"https:\/\/galeana.gob.mx\/index.php\/aviso-de-privacidad\/\" data-type=\"page\" data-id=\"4759\" target=\"_blank\"><strong>Aviso de Privacidad<\/strong><\/a><\/p>\n\n\n\n<p><a href=\"https:\/\/galeana.gob.mx\/index.php\/comunicacion-social-2026\/\" data-type=\"page\" data-id=\"28375\">COMUNICACION SOCIAL 2026<\/a><\/p>\n\n\n\n<p><a href=\"https:\/\/galeana.gob.mx\/index.php\/comunicacion-social-transparencia-2025\/\" data-type=\"page\" data-id=\"25744\">Comunicaci\u00f3n Social- Transparencia 2025<\/a><\/p>\n\n\n\n<p><a href=\"https:\/\/galeana.gob.mx\/index.php\/comunicacion-social-transparencia-2023-2\/\" data-type=\"page\" data-id=\"21825\">Comunicaci\u00f3n Social- Transparencia 2024<\/a><\/p>\n\n\n\n<p><a href=\"https:\/\/galeana.gob.mx\/index.php\/comunicacion-social-transparencia-2023\/\" data-type=\"page\" data-id=\"17071\"><strong>Comunicaci\u00f3n Social- Transparencia 2023<\/strong><\/a><\/p>\n\n\n\n<p><strong><a href=\"https:\/\/galeana.gob.mx\/index.php\/comunicacion-social-transparencia\/\" data-type=\"page\" data-id=\"13402\">Comunicaci\u00f3n Social- Transparencia_2022<\/a><\/strong><\/p>\n","protected":false},"excerpt":{"rendered":"<p>Aviso de Privacidad COMUNICACION SOCIAL 2026 Comunicaci\u00f3n Social- Transparencia 2025 Comunicaci\u00f3n Social- Transparencia 2024 Comunicaci\u00f3n Social- Transparencia 2023 Comunicaci\u00f3n Social- Transparencia_2022<\/p>\n","protected":false},"author":1,"featured_media":0,"parent":0,"menu_order":0,"comment_status":"closed","ping_status":"closed","template":"","meta":{"footnotes":""},"class_list":["post-92","page","type-page","status-publish","hentry"],"_links":{"self":[{"href":"https:\/\/galeana.gob.mx\/index.php\/wp-json\/wp\/v2\/pages\/92","targetHints":{"allow":["GET"]}}],"collection":[{"href":"https:\/\/galeana.gob.mx\/index.php\/wp-json\/wp\/v2\/pages"}],"about":[{"href":"https:\/\/galeana.gob.mx\/index.php\/wp-json\/wp\/v2\/types\/page"}],"author":[{"embeddable":true,"href":"https:\/\/galeana.gob.mx\/index.php\/wp-json\/wp\/v2\/users\/1"}],"replies":[{"embeddable":true,"href":"https:\/\/galeana.gob.mx\/index.php\/wp-json\/wp\/v2\/comments?post=92"}],"version-history":[{"count":0,"href":"https:\/\/galeana.gob.mx\/index.php\/wp-json\/wp\/v2\/pages\/92\/revisions"}],"wp:attachment":[{"href":"https:\/\/galeana.gob.mx\/index.php\/wp-json\/wp\/v2\/media?parent=92"}],"curies":[{"name":"wp","href":"https:\/\/api.w.org\/{rel}","templated":true}]}}