{"id":28683,"date":"2026-02-12T10:15:41","date_gmt":"2026-02-12T16:15:41","guid":{"rendered":"https:\/\/galeana.gob.mx\/?page_id=28683"},"modified":"2026-04-27T14:49:15","modified_gmt":"2026-04-27T20:49:15","slug":"fraccion-xiii2-numero-de-detenciones-y-de-ordenes-de-proteccion-otorgadas-3","status":"publish","type":"page","link":"https:\/\/galeana.gob.mx\/index.php\/fraccion-xiii2-numero-de-detenciones-y-de-ordenes-de-proteccion-otorgadas-3\/","title":{"rendered":"FRACCION XIII2 \u2013 N\u00famero de detenciones y de \u00f3rdenes de protecci\u00f3n otorgadas"},"content":{"rendered":"\n<div class=\"wp-block-file\"><a id=\"wp-block-file--media-b483b0ea-4024-4656-b060-d2ddccde33f0\" href=\"https:\/\/galeana.gob.mx\/wp-content\/uploads\/2026\/04\/NLA96FXIII2-FEBRERO-2026.xlsx\">NLA96FXIII2-FEBRERO-2026<\/a><a href=\"https:\/\/galeana.gob.mx\/wp-content\/uploads\/2026\/04\/NLA96FXIII2-FEBRERO-2026.xlsx\" class=\"wp-block-file__button wp-element-button\" download aria-describedby=\"wp-block-file--media-b483b0ea-4024-4656-b060-d2ddccde33f0\">Descarga<\/a><\/div>\n\n\n\n<div class=\"wp-block-file\"><a id=\"wp-block-file--media-8c037980-33df-4806-a180-c9b24fecde2a\" href=\"https:\/\/galeana.gob.mx\/wp-content\/uploads\/2026\/04\/NLA96FXIII2-MARZO-2026.xlsx\">NLA96FXIII2-MARZO-2026<\/a><a href=\"https:\/\/galeana.gob.mx\/wp-content\/uploads\/2026\/04\/NLA96FXIII2-MARZO-2026.xlsx\" class=\"wp-block-file__button wp-element-button\" download aria-describedby=\"wp-block-file--media-8c037980-33df-4806-a180-c9b24fecde2a\">Descarga<\/a><\/div>\n\n\n\n<div class=\"wp-block-file\"><a id=\"wp-block-file--media-78bed31d-f6b7-4b6c-b5f4-8c81259cd1b0\" href=\"https:\/\/galeana.gob.mx\/wp-content\/uploads\/2026\/04\/NLA96FXIII2-ENERO-2026.xlsx\">NLA96FXIII2-ENERO-2026<\/a><a href=\"https:\/\/galeana.gob.mx\/wp-content\/uploads\/2026\/04\/NLA96FXIII2-ENERO-2026.xlsx\" class=\"wp-block-file__button wp-element-button\" download aria-describedby=\"wp-block-file--media-78bed31d-f6b7-4b6c-b5f4-8c81259cd1b0\">Descarga<\/a><\/div>\n","protected":false},"excerpt":{"rendered":"","protected":false},"author":1,"featured_media":0,"parent":0,"menu_order":0,"comment_status":"closed","ping_status":"closed","template":"","meta":{"footnotes":""},"class_list":["post-28683","page","type-page","status-publish","hentry"],"_links":{"self":[{"href":"https:\/\/galeana.gob.mx\/index.php\/wp-json\/wp\/v2\/pages\/28683","targetHints":{"allow":["GET"]}}],"collection":[{"href":"https:\/\/galeana.gob.mx\/index.php\/wp-json\/wp\/v2\/pages"}],"about":[{"href":"https:\/\/galeana.gob.mx\/index.php\/wp-json\/wp\/v2\/types\/page"}],"author":[{"embeddable":true,"href":"https:\/\/galeana.gob.mx\/index.php\/wp-json\/wp\/v2\/users\/1"}],"replies":[{"embeddable":true,"href":"https:\/\/galeana.gob.mx\/index.php\/wp-json\/wp\/v2\/comments?post=28683"}],"version-history":[{"count":0,"href":"https:\/\/galeana.gob.mx\/index.php\/wp-json\/wp\/v2\/pages\/28683\/revisions"}],"wp:attachment":[{"href":"https:\/\/galeana.gob.mx\/index.php\/wp-json\/wp\/v2\/media?parent=28683"}],"curies":[{"name":"wp","href":"https:\/\/api.w.org\/{rel}","templated":true}]}}