{"id":28569,"date":"2026-02-05T12:38:18","date_gmt":"2026-02-05T18:38:18","guid":{"rendered":"https:\/\/galeana.gob.mx\/?page_id=28569"},"modified":"2026-02-05T12:41:33","modified_gmt":"2026-02-05T18:41:33","slug":"fraccion-xlvi-el-catalogo-de-disposicion-y-guia-de-archivo-documental-3","status":"publish","type":"page","link":"https:\/\/galeana.gob.mx\/index.php\/fraccion-xlvi-el-catalogo-de-disposicion-y-guia-de-archivo-documental-3\/","title":{"rendered":"FRACCION XLVI \u2013 El cat\u00e1logo de disposici\u00f3n y gu\u00eda de archivo documental"},"content":{"rendered":"\n<p><a href=\"https:\/\/galeana.gob.mx\/index.php\/fraccion-xlvi-a-2\/\" data-type=\"page\" data-id=\"28571\">FRACCION XLVI-A<\/a><\/p>\n\n\n\n<p><a href=\"https:\/\/galeana.gob.mx\/index.php\/fraccion-xlvi-b-2\/\" data-type=\"page\" data-id=\"28573\">FRACCION XLVI-B<\/a><\/p>\n\n\n\n<p><a href=\"https:\/\/galeana.gob.mx\/index.php\/fraccion-xlvi-c-2\/\" data-type=\"page\" data-id=\"28575\">FRACCION XLVI-C<\/a><\/p>\n\n\n\n<p><\/p>\n","protected":false},"excerpt":{"rendered":"<p>FRACCION XLVI-A FRACCION XLVI-B FRACCION XLVI-C<\/p>\n","protected":false},"author":1,"featured_media":0,"parent":0,"menu_order":0,"comment_status":"closed","ping_status":"closed","template":"","meta":{"footnotes":""},"class_list":["post-28569","page","type-page","status-publish","hentry"],"_links":{"self":[{"href":"https:\/\/galeana.gob.mx\/index.php\/wp-json\/wp\/v2\/pages\/28569","targetHints":{"allow":["GET"]}}],"collection":[{"href":"https:\/\/galeana.gob.mx\/index.php\/wp-json\/wp\/v2\/pages"}],"about":[{"href":"https:\/\/galeana.gob.mx\/index.php\/wp-json\/wp\/v2\/types\/page"}],"author":[{"embeddable":true,"href":"https:\/\/galeana.gob.mx\/index.php\/wp-json\/wp\/v2\/users\/1"}],"replies":[{"embeddable":true,"href":"https:\/\/galeana.gob.mx\/index.php\/wp-json\/wp\/v2\/comments?post=28569"}],"version-history":[{"count":0,"href":"https:\/\/galeana.gob.mx\/index.php\/wp-json\/wp\/v2\/pages\/28569\/revisions"}],"wp:attachment":[{"href":"https:\/\/galeana.gob.mx\/index.php\/wp-json\/wp\/v2\/media?parent=28569"}],"curies":[{"name":"wp","href":"https:\/\/api.w.org\/{rel}","templated":true}]}}