{"id":28462,"date":"2026-02-04T12:51:06","date_gmt":"2026-02-04T18:51:06","guid":{"rendered":"https:\/\/galeana.gob.mx\/?page_id=28462"},"modified":"2026-04-27T12:00:13","modified_gmt":"2026-04-27T18:00:13","slug":"fraccion-xiii-la-informacion-en-version-publica-de-las-declaraciones-patrimoniales-de-los-servidores-publicos-que-asi-lo-determinen-3","status":"publish","type":"page","link":"https:\/\/galeana.gob.mx\/index.php\/fraccion-xiii-la-informacion-en-version-publica-de-las-declaraciones-patrimoniales-de-los-servidores-publicos-que-asi-lo-determinen-3\/","title":{"rendered":"FRACCION XIII \u2013 La informaci\u00f3n en versi\u00f3n p\u00fablica de las declaraciones patrimoniales de los servidores p\u00fablicos que as\u00ed lo determinen"},"content":{"rendered":"\n<div class=\"wp-block-file\"><a id=\"wp-block-file--media-85a9dccf-a374-4010-970b-6fdb9e972885\" href=\"https:\/\/galeana.gob.mx\/wp-content\/uploads\/2026\/04\/NLA95FXIII-FEBRERO-2026.xlsx\">NLA95FXIII-FEBRERO-2026<\/a><a href=\"https:\/\/galeana.gob.mx\/wp-content\/uploads\/2026\/04\/NLA95FXIII-FEBRERO-2026.xlsx\" class=\"wp-block-file__button wp-element-button\" download aria-describedby=\"wp-block-file--media-85a9dccf-a374-4010-970b-6fdb9e972885\">Descarga<\/a><\/div>\n\n\n\n<div class=\"wp-block-file\"><a id=\"wp-block-file--media-7a6a8042-fa5b-4963-ae2f-0ef46e7af304\" href=\"https:\/\/galeana.gob.mx\/wp-content\/uploads\/2026\/04\/NLA95FXIII-MARZO-2026.xlsx\">NLA95FXIII-MARZO-2026<\/a><a href=\"https:\/\/galeana.gob.mx\/wp-content\/uploads\/2026\/04\/NLA95FXIII-MARZO-2026.xlsx\" class=\"wp-block-file__button wp-element-button\" download aria-describedby=\"wp-block-file--media-7a6a8042-fa5b-4963-ae2f-0ef46e7af304\">Descarga<\/a><\/div>\n\n\n\n<div class=\"wp-block-file\"><a id=\"wp-block-file--media-caa45dbe-3d4a-4a8e-a29d-ebede44515ab\" href=\"https:\/\/galeana.gob.mx\/wp-content\/uploads\/2026\/04\/NLA95FXIII-ENERO-2026.xlsx\">NLA95FXIII-ENERO-2026<\/a><a href=\"https:\/\/galeana.gob.mx\/wp-content\/uploads\/2026\/04\/NLA95FXIII-ENERO-2026.xlsx\" class=\"wp-block-file__button wp-element-button\" download aria-describedby=\"wp-block-file--media-caa45dbe-3d4a-4a8e-a29d-ebede44515ab\">Descarga<\/a><\/div>\n","protected":false},"excerpt":{"rendered":"","protected":false},"author":1,"featured_media":0,"parent":0,"menu_order":0,"comment_status":"closed","ping_status":"closed","template":"","meta":{"footnotes":""},"class_list":["post-28462","page","type-page","status-publish","hentry"],"_links":{"self":[{"href":"https:\/\/galeana.gob.mx\/index.php\/wp-json\/wp\/v2\/pages\/28462","targetHints":{"allow":["GET"]}}],"collection":[{"href":"https:\/\/galeana.gob.mx\/index.php\/wp-json\/wp\/v2\/pages"}],"about":[{"href":"https:\/\/galeana.gob.mx\/index.php\/wp-json\/wp\/v2\/types\/page"}],"author":[{"embeddable":true,"href":"https:\/\/galeana.gob.mx\/index.php\/wp-json\/wp\/v2\/users\/1"}],"replies":[{"embeddable":true,"href":"https:\/\/galeana.gob.mx\/index.php\/wp-json\/wp\/v2\/comments?post=28462"}],"version-history":[{"count":0,"href":"https:\/\/galeana.gob.mx\/index.php\/wp-json\/wp\/v2\/pages\/28462\/revisions"}],"wp:attachment":[{"href":"https:\/\/galeana.gob.mx\/index.php\/wp-json\/wp\/v2\/media?parent=28462"}],"curies":[{"name":"wp","href":"https:\/\/api.w.org\/{rel}","templated":true}]}}