{"id":25617,"date":"2025-01-27T12:47:39","date_gmt":"2025-01-27T18:47:39","guid":{"rendered":"https:\/\/galeana.gob.mx\/?page_id=25617"},"modified":"2026-01-13T13:03:46","modified_gmt":"2026-01-13T19:03:46","slug":"fraccion-xiii2-numero-de-detenciones-y-de-ordenes-de-proteccion-otorgadas-2","status":"publish","type":"page","link":"https:\/\/galeana.gob.mx\/index.php\/fraccion-xiii2-numero-de-detenciones-y-de-ordenes-de-proteccion-otorgadas-2\/","title":{"rendered":"FRACCION XIII2 \u2013 N\u00famero de detenciones y de \u00f3rdenes de protecci\u00f3n otorgadas"},"content":{"rendered":"\n<div class=\"wp-block-file\"><a id=\"wp-block-file--media-7864e696-ffa8-4d89-b4d4-062c70557bf0\" href=\"https:\/\/galeana.gob.mx\/wp-content\/uploads\/2025\/02\/NLA96FXIII2-ENERO-2025-1.xlsx\">NLA96FXIII2-ENERO-2025<\/a><a href=\"https:\/\/galeana.gob.mx\/wp-content\/uploads\/2025\/02\/NLA96FXIII2-ENERO-2025-1.xlsx\" class=\"wp-block-file__button wp-element-button\" download aria-describedby=\"wp-block-file--media-7864e696-ffa8-4d89-b4d4-062c70557bf0\">Descarga<\/a><\/div>\n\n\n\n<div class=\"wp-block-file\"><a id=\"wp-block-file--media-5ad50e3e-3943-4e08-b6c5-40fae6392007\" href=\"https:\/\/galeana.gob.mx\/wp-content\/uploads\/2025\/05\/NLA96FXIII2-FEBRERO-2025.xlsx\">NLA96FXIII2-FEBRERO-2025<\/a><a href=\"https:\/\/galeana.gob.mx\/wp-content\/uploads\/2025\/05\/NLA96FXIII2-FEBRERO-2025.xlsx\" class=\"wp-block-file__button wp-element-button\" download aria-describedby=\"wp-block-file--media-5ad50e3e-3943-4e08-b6c5-40fae6392007\">Descarga<\/a><\/div>\n\n\n\n<div class=\"wp-block-file\"><a id=\"wp-block-file--media-83f01bbf-28d1-4b4c-bfff-bdaf78267c54\" href=\"https:\/\/galeana.gob.mx\/wp-content\/uploads\/2025\/05\/NLA96FXIII2-MARZO-2025.xlsx\">NLA96FXIII2-MARZO-2025<\/a><a href=\"https:\/\/galeana.gob.mx\/wp-content\/uploads\/2025\/05\/NLA96FXIII2-MARZO-2025.xlsx\" class=\"wp-block-file__button wp-element-button\" download aria-describedby=\"wp-block-file--media-83f01bbf-28d1-4b4c-bfff-bdaf78267c54\">Descarga<\/a><\/div>\n\n\n\n<div class=\"wp-block-file\"><a id=\"wp-block-file--media-4c2e2a48-9e53-448a-a6e1-7fb751594544\" href=\"https:\/\/galeana.gob.mx\/wp-content\/uploads\/2025\/07\/NLA96FXIII2-ABRIL-2025.xlsx\">NLA96FXIII2-ABRIL-2025<\/a><a href=\"https:\/\/galeana.gob.mx\/wp-content\/uploads\/2025\/07\/NLA96FXIII2-ABRIL-2025.xlsx\" class=\"wp-block-file__button wp-element-button\" download aria-describedby=\"wp-block-file--media-4c2e2a48-9e53-448a-a6e1-7fb751594544\">Descarga<\/a><\/div>\n\n\n\n<div class=\"wp-block-file\"><a id=\"wp-block-file--media-3e1130c5-6293-4871-b04d-d6cdca53008b\" href=\"https:\/\/galeana.gob.mx\/wp-content\/uploads\/2025\/07\/NLA96FXIII2-MAYO-2025.xlsx\">NLA96FXIII2-MAYO-2025<\/a><a href=\"https:\/\/galeana.gob.mx\/wp-content\/uploads\/2025\/07\/NLA96FXIII2-MAYO-2025.xlsx\" class=\"wp-block-file__button wp-element-button\" download aria-describedby=\"wp-block-file--media-3e1130c5-6293-4871-b04d-d6cdca53008b\">Descarga<\/a><\/div>\n\n\n\n<div class=\"wp-block-file\"><a id=\"wp-block-file--media-818e35bf-c19f-4551-b305-30b3cc2aa9a4\" href=\"https:\/\/galeana.gob.mx\/wp-content\/uploads\/2025\/08\/NLA96FXIII2-JUNIO-2025.xlsx\">NLA96FXIII2-JUNIO-2025<\/a><a href=\"https:\/\/galeana.gob.mx\/wp-content\/uploads\/2025\/08\/NLA96FXIII2-JUNIO-2025.xlsx\" class=\"wp-block-file__button wp-element-button\" download aria-describedby=\"wp-block-file--media-818e35bf-c19f-4551-b305-30b3cc2aa9a4\">Descarga<\/a><\/div>\n\n\n\n<div class=\"wp-block-file\"><a id=\"wp-block-file--media-bef08b6d-89da-4652-9e87-8067e8444d3c\" href=\"https:\/\/galeana.gob.mx\/wp-content\/uploads\/2025\/10\/NLA96FXIII2-JULIO-2025.xlsx\">NLA96FXIII2-JULIO-2025<\/a><a href=\"https:\/\/galeana.gob.mx\/wp-content\/uploads\/2025\/10\/NLA96FXIII2-JULIO-2025.xlsx\" class=\"wp-block-file__button wp-element-button\" download aria-describedby=\"wp-block-file--media-bef08b6d-89da-4652-9e87-8067e8444d3c\">Descarga<\/a><\/div>\n\n\n\n<div class=\"wp-block-file\"><a id=\"wp-block-file--media-d808c4f3-9707-4a99-a5d0-b2202c029255\" href=\"https:\/\/galeana.gob.mx\/wp-content\/uploads\/2025\/10\/NLA96FXIII2-AGOSTO-2025.xlsx\">NLA96FXIII2-AGOSTO-2025<\/a><a href=\"https:\/\/galeana.gob.mx\/wp-content\/uploads\/2025\/10\/NLA96FXIII2-AGOSTO-2025.xlsx\" class=\"wp-block-file__button wp-element-button\" download aria-describedby=\"wp-block-file--media-d808c4f3-9707-4a99-a5d0-b2202c029255\">Descarga<\/a><\/div>\n\n\n\n<div class=\"wp-block-file\"><a id=\"wp-block-file--media-a86b7b06-cdb6-4739-b3fa-99790012e5e2\" href=\"https:\/\/galeana.gob.mx\/wp-content\/uploads\/2025\/10\/NLA96FXIII2-SEPTIEMBRE-2025.xlsx\">NLA96FXIII2-SEPTIEMBRE-2025<\/a><a href=\"https:\/\/galeana.gob.mx\/wp-content\/uploads\/2025\/10\/NLA96FXIII2-SEPTIEMBRE-2025.xlsx\" class=\"wp-block-file__button wp-element-button\" download aria-describedby=\"wp-block-file--media-a86b7b06-cdb6-4739-b3fa-99790012e5e2\">Descarga<\/a><\/div>\n\n\n\n<div class=\"wp-block-file\"><a id=\"wp-block-file--media-fc3ed954-bf8f-481a-9b5e-263e02e55e37\" href=\"https:\/\/galeana.gob.mx\/wp-content\/uploads\/2026\/01\/NLA96FXIII2-OCTUBRE-2025.xlsx\">NLA96FXIII2-OCTUBRE-2025<\/a><a href=\"https:\/\/galeana.gob.mx\/wp-content\/uploads\/2026\/01\/NLA96FXIII2-OCTUBRE-2025.xlsx\" class=\"wp-block-file__button wp-element-button\" download aria-describedby=\"wp-block-file--media-fc3ed954-bf8f-481a-9b5e-263e02e55e37\">Descarga<\/a><\/div>\n\n\n\n<div class=\"wp-block-file\"><a id=\"wp-block-file--media-f107302a-0498-46e3-abf1-79ded162658d\" href=\"https:\/\/galeana.gob.mx\/wp-content\/uploads\/2026\/01\/NLA96FXIII2-NOVIEMBRE-2025.xlsx\">NLA96FXIII2-NOVIEMBRE-2025<\/a><a href=\"https:\/\/galeana.gob.mx\/wp-content\/uploads\/2026\/01\/NLA96FXIII2-NOVIEMBRE-2025.xlsx\" class=\"wp-block-file__button wp-element-button\" download aria-describedby=\"wp-block-file--media-f107302a-0498-46e3-abf1-79ded162658d\">Descarga<\/a><\/div>\n\n\n\n<div class=\"wp-block-file\"><a id=\"wp-block-file--media-ca0a07d8-2d80-4cf5-b5d8-f2e91605cad6\" href=\"https:\/\/galeana.gob.mx\/wp-content\/uploads\/2026\/01\/NLA96FXIII2-DICIEMBRE-2025.xlsx\">NLA96FXIII2-DICIEMBRE-2025<\/a><a href=\"https:\/\/galeana.gob.mx\/wp-content\/uploads\/2026\/01\/NLA96FXIII2-DICIEMBRE-2025.xlsx\" class=\"wp-block-file__button wp-element-button\" download aria-describedby=\"wp-block-file--media-ca0a07d8-2d80-4cf5-b5d8-f2e91605cad6\">Descarga<\/a><\/div>\n","protected":false},"excerpt":{"rendered":"","protected":false},"author":1,"featured_media":0,"parent":0,"menu_order":0,"comment_status":"closed","ping_status":"closed","template":"","meta":{"footnotes":""},"class_list":["post-25617","page","type-page","status-publish","hentry"],"_links":{"self":[{"href":"https:\/\/galeana.gob.mx\/index.php\/wp-json\/wp\/v2\/pages\/25617","targetHints":{"allow":["GET"]}}],"collection":[{"href":"https:\/\/galeana.gob.mx\/index.php\/wp-json\/wp\/v2\/pages"}],"about":[{"href":"https:\/\/galeana.gob.mx\/index.php\/wp-json\/wp\/v2\/types\/page"}],"author":[{"embeddable":true,"href":"https:\/\/galeana.gob.mx\/index.php\/wp-json\/wp\/v2\/users\/1"}],"replies":[{"embeddable":true,"href":"https:\/\/galeana.gob.mx\/index.php\/wp-json\/wp\/v2\/comments?post=25617"}],"version-history":[{"count":0,"href":"https:\/\/galeana.gob.mx\/index.php\/wp-json\/wp\/v2\/pages\/25617\/revisions"}],"wp:attachment":[{"href":"https:\/\/galeana.gob.mx\/index.php\/wp-json\/wp\/v2\/media?parent=25617"}],"curies":[{"name":"wp","href":"https:\/\/api.w.org\/{rel}","templated":true}]}}