{"id":25577,"date":"2025-01-27T12:03:40","date_gmt":"2025-01-27T18:03:40","guid":{"rendered":"https:\/\/galeana.gob.mx\/?page_id=25577"},"modified":"2025-05-12T11:16:17","modified_gmt":"2025-05-12T17:16:17","slug":"articulo-96-4","status":"publish","type":"page","link":"https:\/\/galeana.gob.mx\/index.php\/articulo-96-4\/","title":{"rendered":"ARTICULO 96"},"content":{"rendered":"\n<p class=\"has-colibri-color-6-color has-text-color has-link-color wp-elements-a3d8ba0dcbb82d56249f503b95a9d7ff\"><a href=\"https:\/\/galeana.gob.mx\/index.php\/fraccion-i-el-plan-municipal-de-desarrollo-2\/\" data-type=\"page\" data-id=\"25580\">FRACCION I \u2013 El Plan Municipal de Desarrollo<\/a><\/p>\n\n\n\n<p><a href=\"https:\/\/galeana.gob.mx\/index.php\/fraccion-ii-el-presupuesto-de-egresos-2\/\" data-type=\"page\" data-id=\"25790\">FRACCION II \u2013 El presupuesto de egresos<\/a><\/p>\n\n\n\n<p><a href=\"https:\/\/galeana.gob.mx\/index.php\/fraccion-iii-participaciones-y-aportaciones-a-los-municipios-2\/\" data-type=\"page\" data-id=\"25581\">FRACCION III \u2013 Participaciones y Aportaciones a los Municipios<\/a><\/p>\n\n\n\n<p><a href=\"https:\/\/galeana.gob.mx\/index.php\/fraccion-v-cancelaciones-o-condonaciones-de-creditos-fiscales-2\/\" data-type=\"page\" data-id=\"25605\">FRACCION V \u2013 Cancelaciones o condonaciones de cr\u00e9ditos fiscales<\/a><\/p>\n\n\n\n<p><a href=\"https:\/\/galeana.gob.mx\/index.php\/fraccion-vi-la-relacion-de-constancias-certificados-licencias-autorizaciones-registros-de-manifestaciones-y-dictamenes-de-las-obras-2\/\" data-type=\"page\" data-id=\"25603\">FRACCION VI \u2013 La relaci\u00f3n de constancias, certificados, licencias, autorizaciones, registros de manifestaciones y dict\u00e1menes de las obras<\/a><\/p>\n\n\n\n<p><a href=\"https:\/\/galeana.gob.mx\/index.php\/fraccion-viii-los-planes-o-programas-de-desarrollo-urbano-2\/\" data-type=\"page\" data-id=\"25585\">FRACCION VIII \u2013 Los planes o programas de Desarrollo Urbano<\/a><\/p>\n\n\n\n<p class=\"has-colibri-color-6-color has-text-color has-link-color wp-elements-f3ac1bab359fd8027aed603eb266df56\"><a href=\"https:\/\/galeana.gob.mx\/index.php\/fraccion-ix-las-disposiciones-administrativas-2\/\" data-type=\"page\" data-id=\"25798\">FRACCION IX \u2013 Las disposiciones administrativas<\/a><\/p>\n\n\n\n<p class=\"has-colibri-color-6-color has-text-color has-link-color wp-elements-f465e89096a9e37823800da0adbbbea6\"><a href=\"https:\/\/galeana.gob.mx\/index.php\/fraccion-x-la-ejecucion-de-una-obra-publica-2\/\" data-type=\"page\" data-id=\"25801\">FRACCION X \u2013 La ejecuci\u00f3n de una obra p\u00fablica<\/a><\/p>\n\n\n\n<p><a href=\"https:\/\/galeana.gob.mx\/index.php\/fraccion-xi-la-glosa-de-gobierno-2\/\" data-type=\"page\" data-id=\"26314\">FRACCION XI \u2013 La glosa de Gobierno<\/a><\/p>\n\n\n\n<p><a href=\"https:\/\/galeana.gob.mx\/index.php\/fraccion-xiii2-numero-de-detenciones-y-de-ordenes-de-proteccion-otorgadas-2\/\" data-type=\"page\" data-id=\"25617\">FRACCION XIII2 \u2013 N\u00famero de detenciones y de \u00f3rdenes de protecci\u00f3n otorgadas<\/a><\/p>\n\n\n\n<p><\/p>\n","protected":false},"excerpt":{"rendered":"<p>FRACCION I \u2013 El Plan Municipal de Desarrollo FRACCION II \u2013 El presupuesto de egresos FRACCION III \u2013 Participaciones y Aportaciones a los Municipios FRACCION V \u2013 Cancelaciones o condonaciones de cr\u00e9ditos fiscales FRACCION VI \u2013 La relaci\u00f3n de constancias, certificados, licencias, autorizaciones, registros de manifestaciones y dict\u00e1menes de las obras FRACCION VIII \u2013 Los [&hellip;]<\/p>\n","protected":false},"author":1,"featured_media":0,"parent":0,"menu_order":0,"comment_status":"closed","ping_status":"closed","template":"","meta":{"footnotes":""},"class_list":["post-25577","page","type-page","status-publish","hentry"],"_links":{"self":[{"href":"https:\/\/galeana.gob.mx\/index.php\/wp-json\/wp\/v2\/pages\/25577","targetHints":{"allow":["GET"]}}],"collection":[{"href":"https:\/\/galeana.gob.mx\/index.php\/wp-json\/wp\/v2\/pages"}],"about":[{"href":"https:\/\/galeana.gob.mx\/index.php\/wp-json\/wp\/v2\/types\/page"}],"author":[{"embeddable":true,"href":"https:\/\/galeana.gob.mx\/index.php\/wp-json\/wp\/v2\/users\/1"}],"replies":[{"embeddable":true,"href":"https:\/\/galeana.gob.mx\/index.php\/wp-json\/wp\/v2\/comments?post=25577"}],"version-history":[{"count":0,"href":"https:\/\/galeana.gob.mx\/index.php\/wp-json\/wp\/v2\/pages\/25577\/revisions"}],"wp:attachment":[{"href":"https:\/\/galeana.gob.mx\/index.php\/wp-json\/wp\/v2\/media?parent=25577"}],"curies":[{"name":"wp","href":"https:\/\/api.w.org\/{rel}","templated":true}]}}