{"id":23556,"date":"2024-06-18T12:48:05","date_gmt":"2024-06-18T18:48:05","guid":{"rendered":"https:\/\/galeana.gob.mx\/?page_id=23556"},"modified":"2024-09-10T13:23:40","modified_gmt":"2024-09-10T19:23:40","slug":"indice-de-calidad-en-la-informacion-aplicacion-de-rec-federales-2024","status":"publish","type":"page","link":"https:\/\/galeana.gob.mx\/index.php\/indice-de-calidad-en-la-informacion-aplicacion-de-rec-federales-2024\/","title":{"rendered":"\u00cdndice de Calidad en la Informaci\u00f3n-Aplicaci\u00f3n de Rec. Federales-2024"},"content":{"rendered":"\n<p><a href=\"https:\/\/galeana.gob.mx\/index.php\/primer-trimestre-10\/\" data-type=\"page\" data-id=\"23549\">PRIMER TRIMESTRE<\/a><\/p>\n\n\n\n<p><a href=\"https:\/\/galeana.gob.mx\/index.php\/segundo-trimestre-13\/\" data-type=\"page\" data-id=\"24156\">SEGUNDO TRIMESTRE<\/a><\/p>\n","protected":false},"excerpt":{"rendered":"<p>PRIMER TRIMESTRE SEGUNDO TRIMESTRE<\/p>\n","protected":false},"author":1,"featured_media":0,"parent":0,"menu_order":0,"comment_status":"closed","ping_status":"closed","template":"","meta":{"footnotes":""},"class_list":["post-23556","page","type-page","status-publish","hentry"],"_links":{"self":[{"href":"https:\/\/galeana.gob.mx\/index.php\/wp-json\/wp\/v2\/pages\/23556","targetHints":{"allow":["GET"]}}],"collection":[{"href":"https:\/\/galeana.gob.mx\/index.php\/wp-json\/wp\/v2\/pages"}],"about":[{"href":"https:\/\/galeana.gob.mx\/index.php\/wp-json\/wp\/v2\/types\/page"}],"author":[{"embeddable":true,"href":"https:\/\/galeana.gob.mx\/index.php\/wp-json\/wp\/v2\/users\/1"}],"replies":[{"embeddable":true,"href":"https:\/\/galeana.gob.mx\/index.php\/wp-json\/wp\/v2\/comments?post=23556"}],"version-history":[{"count":0,"href":"https:\/\/galeana.gob.mx\/index.php\/wp-json\/wp\/v2\/pages\/23556\/revisions"}],"wp:attachment":[{"href":"https:\/\/galeana.gob.mx\/index.php\/wp-json\/wp\/v2\/media?parent=23556"}],"curies":[{"name":"wp","href":"https:\/\/api.w.org\/{rel}","templated":true}]}}