{"id":22500,"date":"2024-05-08T12:52:14","date_gmt":"2024-05-08T18:52:14","guid":{"rendered":"https:\/\/galeana.gob.mx\/?page_id=22500"},"modified":"2024-05-08T13:21:12","modified_gmt":"2024-05-08T19:21:12","slug":"fraccion-xlvi-el-catalogo-de-disposicion-y-guia-de-archivo-documental","status":"publish","type":"page","link":"https:\/\/galeana.gob.mx\/index.php\/fraccion-xlvi-el-catalogo-de-disposicion-y-guia-de-archivo-documental\/","title":{"rendered":"FRACCION XLVI &#8211; El cat\u00e1logo de disposici\u00f3n y gu\u00eda de archivo documental"},"content":{"rendered":"\n<p><a href=\"https:\/\/galeana.gob.mx\/index.php\/fraccion-xlvi-a-inventarios-documentales\/\" data-type=\"page\" data-id=\"22504\">FRACCION XLVI-A Inventarios documentales<\/a><\/p>\n\n\n\n<p><a href=\"https:\/\/galeana.gob.mx\/index.php\/fraccion-xlvi-b-indice-de-expedientes-reservados\/\" data-type=\"page\" data-id=\"22510\">FRACCION XLVI-B \u00cdndice de expedientes reservados<\/a><\/p>\n\n\n\n<p><a href=\"https:\/\/galeana.gob.mx\/index.php\/fraccion-xlvi-c-cuadro-gral-de-clasificacion-archivistica\/\" data-type=\"page\" data-id=\"22516\">FRACCION XLVI-C Cuadro Gral. de clasificaci\u00f3n archiv\u00edstica<\/a><\/p>\n","protected":false},"excerpt":{"rendered":"<p>FRACCION XLVI-A Inventarios documentales FRACCION XLVI-B \u00cdndice de expedientes reservados FRACCION XLVI-C Cuadro Gral. de clasificaci\u00f3n archiv\u00edstica<\/p>\n","protected":false},"author":1,"featured_media":0,"parent":0,"menu_order":0,"comment_status":"closed","ping_status":"closed","template":"","meta":{"footnotes":""},"class_list":["post-22500","page","type-page","status-publish","hentry"],"_links":{"self":[{"href":"https:\/\/galeana.gob.mx\/index.php\/wp-json\/wp\/v2\/pages\/22500","targetHints":{"allow":["GET"]}}],"collection":[{"href":"https:\/\/galeana.gob.mx\/index.php\/wp-json\/wp\/v2\/pages"}],"about":[{"href":"https:\/\/galeana.gob.mx\/index.php\/wp-json\/wp\/v2\/types\/page"}],"author":[{"embeddable":true,"href":"https:\/\/galeana.gob.mx\/index.php\/wp-json\/wp\/v2\/users\/1"}],"replies":[{"embeddable":true,"href":"https:\/\/galeana.gob.mx\/index.php\/wp-json\/wp\/v2\/comments?post=22500"}],"version-history":[{"count":0,"href":"https:\/\/galeana.gob.mx\/index.php\/wp-json\/wp\/v2\/pages\/22500\/revisions"}],"wp:attachment":[{"href":"https:\/\/galeana.gob.mx\/index.php\/wp-json\/wp\/v2\/media?parent=22500"}],"curies":[{"name":"wp","href":"https:\/\/api.w.org\/{rel}","templated":true}]}}