{"id":22417,"date":"2024-05-08T11:50:07","date_gmt":"2024-05-08T17:50:07","guid":{"rendered":"https:\/\/galeana.gob.mx\/?page_id=22417"},"modified":"2024-05-08T12:06:27","modified_gmt":"2024-05-08T18:06:27","slug":"fraccion-xl-las-actas-y-resoluciones-del-comite-de-transparencia","status":"publish","type":"page","link":"https:\/\/galeana.gob.mx\/index.php\/fraccion-xl-las-actas-y-resoluciones-del-comite-de-transparencia\/","title":{"rendered":"FRACCION XL &#8211; Las actas y resoluciones del comit\u00e9 de transparencia"},"content":{"rendered":"\n<p><a href=\"https:\/\/galeana.gob.mx\/index.php\/fraccion-xl-a-informe-de-sesiones-del-comite-de-transparencia\/\" data-type=\"page\" data-id=\"22420\">FRACCION XL-A Informe de sesiones del comite de transparencia<\/a><\/p>\n\n\n\n<p><a href=\"https:\/\/galeana.gob.mx\/index.php\/fraccion-xl-b-informe-de-resoluciones-del-comite-de-transparencia\/\" data-type=\"page\" data-id=\"22427\">FRACCION XL-B Informe de resoluciones del comit\u00e9 de transparencia<\/a><\/p>\n\n\n\n<p><a href=\"https:\/\/galeana.gob.mx\/index.php\/fraccion-xl-c-integrantes-del-comite-de-transparencia\/\" data-type=\"page\" data-id=\"22433\">FRACCION XL-C Integrantes del comit\u00e9 de transparencia<\/a><\/p>\n\n\n\n<p><a href=\"https:\/\/galeana.gob.mx\/index.php\/fraccion-xl-d-calendario-de-sesiones-del-comite-de-transparencia\/\" data-type=\"page\" data-id=\"22439\">FRACCION XL-D Calendario de sesiones del comit\u00e9 de transparencia<\/a><\/p>\n","protected":false},"excerpt":{"rendered":"<p>FRACCION XL-A Informe de sesiones del comite de transparencia FRACCION XL-B Informe de resoluciones del comit\u00e9 de transparencia FRACCION XL-C Integrantes del comit\u00e9 de transparencia FRACCION XL-D Calendario de sesiones del comit\u00e9 de transparencia<\/p>\n","protected":false},"author":1,"featured_media":0,"parent":0,"menu_order":0,"comment_status":"closed","ping_status":"closed","template":"","meta":{"footnotes":""},"class_list":["post-22417","page","type-page","status-publish","hentry"],"_links":{"self":[{"href":"https:\/\/galeana.gob.mx\/index.php\/wp-json\/wp\/v2\/pages\/22417","targetHints":{"allow":["GET"]}}],"collection":[{"href":"https:\/\/galeana.gob.mx\/index.php\/wp-json\/wp\/v2\/pages"}],"about":[{"href":"https:\/\/galeana.gob.mx\/index.php\/wp-json\/wp\/v2\/types\/page"}],"author":[{"embeddable":true,"href":"https:\/\/galeana.gob.mx\/index.php\/wp-json\/wp\/v2\/users\/1"}],"replies":[{"embeddable":true,"href":"https:\/\/galeana.gob.mx\/index.php\/wp-json\/wp\/v2\/comments?post=22417"}],"version-history":[{"count":0,"href":"https:\/\/galeana.gob.mx\/index.php\/wp-json\/wp\/v2\/pages\/22417\/revisions"}],"wp:attachment":[{"href":"https:\/\/galeana.gob.mx\/index.php\/wp-json\/wp\/v2\/media?parent=22417"}],"curies":[{"name":"wp","href":"https:\/\/api.w.org\/{rel}","templated":true}]}}