{"id":22219,"date":"2024-05-07T14:50:34","date_gmt":"2024-05-07T20:50:34","guid":{"rendered":"https:\/\/galeana.gob.mx\/?page_id=22219"},"modified":"2024-07-04T13:37:15","modified_gmt":"2024-07-04T19:37:15","slug":"articulo-95-2","status":"publish","type":"page","link":"https:\/\/galeana.gob.mx\/index.php\/articulo-95-2\/","title":{"rendered":"ARTICULO 95"},"content":{"rendered":"\n<p><a href=\"https:\/\/galeana.gob.mx\/index.php\/fraccion-i-el-marco-normativo-aplicable-al-sujeto-obligado\/\" data-type=\"page\" data-id=\"22222\">FRACCION I \u2013 El Marco Normativo Aplicable al Sujeto Obligado<\/a><\/p>\n\n\n\n<p><a href=\"https:\/\/galeana.gob.mx\/index.php\/fraccion-ii-su-estructura-organica-completa-2\/\" data-type=\"page\" data-id=\"22246\">FRACCION II \u2013 Su estructura Org\u00e1nica Completa<\/a><\/p>\n\n\n\n<p><a href=\"https:\/\/galeana.gob.mx\/index.php\/fraccion-iii-las-facultades-de-cada-area\/\" data-type=\"page\" data-id=\"22251\">FRACCION III \u2013 Las Facultades de cada \u00c1rea<\/a><\/p>\n\n\n\n<p><a href=\"https:\/\/galeana.gob.mx\/index.php\/fraccion-iv-las-metas-y-objetivos-de-las-areas\/\" data-type=\"page\" data-id=\"22261\">FRACCION IV \u2013 Las metas y Objetivos de las \u00c1reas<\/a><\/p>\n\n\n\n<p><a href=\"https:\/\/galeana.gob.mx\/index.php\/fraccion-v-los-indicadores-relacionados-con-temas-de-interes-publico\/\" data-type=\"page\" data-id=\"22328\">FRACCION V \u2013 Los indicadores relacionados con temas de inter\u00e9s publico<\/a><\/p>\n\n\n\n<p><a href=\"https:\/\/galeana.gob.mx\/index.php\/fraccion-vi-los-indicadores-que-permitan-rendir-cuenta-de-sus-objetivos-y-resultados\/\" data-type=\"page\" data-id=\"22335\">FRACCION VI \u2013 Los indicadores que permitan rendir cuenta de sus objetivos y resultados<\/a><\/p>\n\n\n\n<p><a href=\"https:\/\/galeana.gob.mx\/index.php\/fraccion-vii-los-indicadores-estrategicos-y-de-gestion\/\" data-type=\"page\" data-id=\"22342\">FRACCION VII \u2013 Los indicadores estrat\u00e9gicos y de gesti\u00f3n<\/a><\/p>\n\n\n\n<p><a href=\"https:\/\/galeana.gob.mx\/index.php\/fraccion-viii-el-directorio-de-todos-los-servidores-publicos\/\" data-type=\"page\" data-id=\"22349\">FRACCION VIII \u2013 El directorio de todos los servidores p\u00fablicos<\/a><\/p>\n\n\n\n<p><a href=\"https:\/\/galeana.gob.mx\/index.php\/fraccion-ix-la-remuneracion-bruta-y-neta-de-todos-los-servidores-publicos\/\" data-type=\"page\" data-id=\"22266\">FRACCION IX \u2013 La remuneraci\u00f3n bruta y neta de todos los servidores p\u00fablicos<\/a><\/p>\n\n\n\n<p><a href=\"https:\/\/galeana.gob.mx\/index.php\/fraccion-x-los-gastos-de-representacion-y-viaticos\/\" data-type=\"page\" data-id=\"22356\">FRACCION X \u2013 Los gastos de representaci\u00f3n y vi\u00e1ticos<\/a><\/p>\n\n\n\n<p><a href=\"https:\/\/galeana.gob.mx\/index.php\/fraccion-xi-el-numero-total-de-plazas-del-personal-de-base-y-confianza\/\" data-type=\"page\" data-id=\"22363\">FRACCION XI \u2013 El numero total de plazas del personal de base y confianza<\/a><\/p>\n\n\n\n<p><a href=\"https:\/\/galeana.gob.mx\/index.php\/fraccion-xii-las-contrataciones-de-servicios-profesionales-por-honorarios\/\" data-type=\"page\" data-id=\"22380\">FRACCION XII \u2013 Las contrataciones de servicios profesionales por honorarios<\/a><\/p>\n\n\n\n<p><a href=\"https:\/\/galeana.gob.mx\/index.php\/fraccion-xiii-la-informacion-en-version-publica-de-las-declaraciones-patrimoniales-de-los-servidores-publicos-que-asi-lo-determinen\/\" data-type=\"page\" data-id=\"22396\">FRACCION XIII \u2013 La informaci\u00f3n en versi\u00f3n p\u00fablica de las declaraciones patrimoniales de los servidores p\u00fablicos que as\u00ed lo determinen<\/a><\/p>\n\n\n\n<p><a href=\"https:\/\/galeana.gob.mx\/index.php\/fraccion-xiv-el-domicilio-de-la-unidad-de-transparencia\/\" data-type=\"page\" data-id=\"22403\">FRACCION XIV \u2013 El domicilio de la unidad de transparencia<\/a><\/p>\n\n\n\n<p><a href=\"https:\/\/galeana.gob.mx\/index.php\/fraccion-xvi-la-informacion-de-los-programas-de-subsidios-estimulos-y-apoyos\/\" data-type=\"page\" data-id=\"22568\">FRACCION XVI \u2013 La informaci\u00f3n de los programas de subsidios, est\u00edmulos y apoyos<\/a><\/p>\n\n\n\n<p><a href=\"https:\/\/galeana.gob.mx\/index.php\/fraccion-xvii-las-condiciones-generales-de-trabajo\/\" data-type=\"page\" data-id=\"22586\">FRACCION XVII \u2013 Las condiciones generales de trabajo<\/a><\/p>\n\n\n\n<p><a href=\"https:\/\/galeana.gob.mx\/index.php\/fraccion-xviii-la-informacion-curricular\/\" data-type=\"page\" data-id=\"22603\">FRACCION XVIII \u2013 La informaci\u00f3n curricular<\/a><\/p>\n\n\n\n<p><a href=\"https:\/\/galeana.gob.mx\/index.php\/fraccion-xix-el-listado-de-servidores-publicos-con-sanciones-administrativas-definitivas\/\" data-type=\"page\" data-id=\"22410\">FRACCION XIX \u2013 El listado de servidores p\u00fablicos con sanciones administrativas definitivas<\/a><\/p>\n\n\n\n<p><a href=\"https:\/\/galeana.gob.mx\/index.php\/fraccion-xx-los-servicios-que-ofrecen\/\" data-type=\"page\" data-id=\"22612\">FRACCION XX \u2013 Los servicios que ofrecen<\/a><\/p>\n\n\n\n<p><a href=\"https:\/\/galeana.gob.mx\/index.php\/fraccion-xxi-los-tramites-con-sus-requisitos\/\" data-type=\"page\" data-id=\"22619\">FRACCION XXI \u2013 Los tramites con sus requisitos<\/a><\/p>\n\n\n\n<p><a href=\"https:\/\/galeana.gob.mx\/index.php\/fraccion-xxii-la-informacion-financiera-sobre-el-presupuesto-asignado\/\" data-type=\"page\" data-id=\"22626\">FRACCION XXII \u2013 La informaci\u00f3n financiera sobre el presupuesto asignado<\/a><\/p>\n\n\n\n<p><a href=\"https:\/\/galeana.gob.mx\/index.php\/fraccion-xxiii-la-informacion-relativa-a-la-deuda-publica\/\" data-type=\"page\" data-id=\"22645\">FRACCION XXIII \u2013 La informaci\u00f3n relativa a la deuda publica<\/a><\/p>\n\n\n\n<p><a href=\"https:\/\/galeana.gob.mx\/index.php\/fraccion-xxiv-los-montos-destinados-a-gastos-relativos-a-comunicacion-social-y-publicidad-oficial\/\" data-type=\"page\" data-id=\"22700\">FRACCION XXIV \u2013 Los montos destinados a gastos relativos a comunicaci\u00f3n social y publicidad oficial<\/a><\/p>\n\n\n\n<p><a href=\"https:\/\/galeana.gob.mx\/index.php\/fraccion-xxv-los-informes-de-resultados-de-las-auditorias\/\" data-type=\"page\" data-id=\"22715\">FRACCION XXV \u2013 Los informes de resultados de las auditorias<\/a><\/p>\n\n\n\n<p><a href=\"https:\/\/galeana.gob.mx\/index.php\/fraccion-xxvi-el-resutado-de-la-dictaminacion-de-los-estados-financieros\/\" data-type=\"page\" data-id=\"22720\">FRACCION XXVI \u2013 El resultado de la dictaminacion de los estados financieros<\/a><\/p>\n\n\n\n<p><a href=\"https:\/\/galeana.gob.mx\/index.php\/fraccion-xxvii-el-listado-de-personas-fisicas-o-morales-a-quienes-se-les-asigne-o-permita-usar-recursos-publicos-2\/\" data-type=\"page\" data-id=\"23112\">FRACCION XXVII \u2013 El listado de personas f\u00edsicas o morales a quienes se les asigne o permita usar recursos p\u00fablicos<\/a><\/p>\n\n\n\n<p><a href=\"https:\/\/galeana.gob.mx\/index.php\/fraccion-xxviii-las-concesiones-contratos-convenios-permisos-licencias-o-autorizaciones-otorgados\/\" data-type=\"page\" data-id=\"22733\">FRACCION XXVIII \u2013 Las concesiones, contratos, convenios, permisos, licencias o autorizaciones otorgados<\/a><\/p>\n\n\n\n<p><a href=\"https:\/\/galeana.gob.mx\/index.php\/fraccion-xxix-la-informacion-sobre-resultados-sobre-procedimientos-de-adjudicacion-de-obras\/\" data-type=\"page\" data-id=\"22704\">FRACCION XXIX \u2013 La informaci\u00f3n sobre resultados sobre procedimientos de adjudicaci\u00f3n de obras<\/a><\/p>\n\n\n\n<p><a href=\"https:\/\/galeana.gob.mx\/index.php\/fraccion-xxx-los-informes-que-por-disposicion-legal-generen-los-sujetos-obligados\/\" data-type=\"page\" data-id=\"22740\">FRACCION XXX \u2013 Los informes que por disposici\u00f3n legal generen los sujetos obligados<\/a><\/p>\n\n\n\n<p><a href=\"https:\/\/galeana.gob.mx\/index.php\/fraccion-xxxi-las-estadisticas-que-generen-en-cumplimiento-de-sus-facultades\/\" data-type=\"page\" data-id=\"22749\">FRACCION XXXI \u2013 Las estad\u00edsticas que generen en cumplimiento de sus facultades<\/a><\/p>\n\n\n\n<p><a href=\"https:\/\/galeana.gob.mx\/index.php\/fraccion-xxxii-informe-de-avances-programaticos-o-presupuestales\/\" data-type=\"page\" data-id=\"22756\">FRACCION XXXII \u2013 Informe de avances program\u00e1ticos o presupuestales<\/a><\/p>\n\n\n\n<p><a href=\"https:\/\/galeana.gob.mx\/index.php\/fraccion-xxxiii-padron-de-proveedores-y-contratistas\/\" data-type=\"page\" data-id=\"22772\">FRACCION XXXIII \u2013 Padr\u00f3n de proveedores y contratistas<\/a><\/p>\n\n\n\n<p><a href=\"https:\/\/galeana.gob.mx\/index.php\/fraccion-xxxiv-los-convenios-de-coordinacion-con-los-sectores-publico-y-privado\/\" data-type=\"page\" data-id=\"22780\">FRACCION XXXIV \u2013 Los convenios de coordinaci\u00f3n con los sectores publico y privado<\/a><\/p>\n\n\n\n<p><a href=\"https:\/\/galeana.gob.mx\/index.php\/fraccion-xxxv-d-inventario-de-bienes-inmuebles\/\" data-type=\"page\" data-id=\"22826\">FRACCION XXXV \u2013 El inventario de bienes muebles e inmuebles en posesi\u00f3n y propiedad.<\/a><\/p>\n\n\n\n<p><a href=\"https:\/\/galeana.gob.mx\/index.php\/fraccionxxxvi-las-recomendaciones-emitidas-por-los-organos-del-estado-mexicano-u-organismos-internacionales\/\" data-type=\"page\" data-id=\"22892\">FRACCIONXXXVI \u2013 Las recomendaciones emitidas por los \u00f3rganos del Estado Mexicano u organismos internacionales<\/a><\/p>\n\n\n\n<p><a href=\"https:\/\/galeana.gob.mx\/index.php\/fraccion-xxxvii-las-resoluciones-y-laudos-que-se-emitan-en-procesos-o-procedimientos-seguidos-en-forma-de-juicio\/\" data-type=\"page\" data-id=\"22866\">FRACCION XXXVII \u2013 Las resoluciones y laudos que se emitan en procesos o procedimientos seguidos en forma de juicio<\/a><\/p>\n\n\n\n<p><a href=\"https:\/\/galeana.gob.mx\/index.php\/fraccion-xxxviii-los-mecanismos-de-participacion-ciudadana\/\" data-type=\"page\" data-id=\"22873\">FRACCION XXXVIII \u2013 los mecanismos de participaci\u00f3n ciudadana<\/a><\/p>\n\n\n\n<p><a href=\"https:\/\/galeana.gob.mx\/index.php\/fraccion-xxxix-los-programas-que-ofrecen\/\" data-type=\"page\" data-id=\"22787\">FRACCION XXXIX \u2013 Los programas que ofrecen<\/a><\/p>\n\n\n\n<p><a href=\"https:\/\/galeana.gob.mx\/index.php\/fraccion-xl-las-actas-y-resoluciones-del-comite-de-transparencia\/\" data-type=\"page\" data-id=\"22417\">FRACCION XL \u2013 Las actas y resoluciones del comit\u00e9 de transparencia<\/a><\/p>\n\n\n\n<p><a href=\"https:\/\/galeana.gob.mx\/index.php\/fraccion-xli-las-evaluaciones-y-encuestas-a-programas-financiados-con-recursos-publicos\/\" data-type=\"page\" data-id=\"22447\">FRACCION XLI \u2013 Las evaluaciones y encuestas a programas financiados con recursos p\u00fablicos<\/a><\/p>\n\n\n\n<p><a href=\"https:\/\/galeana.gob.mx\/index.php\/fraccion-xlii-los-estudios-financiados-con-recursos-publicos\/\" data-type=\"page\" data-id=\"22454\">FRACCION XLII \u2013 Los estudios financiados con recursos p\u00fablicos<\/a><\/p>\n\n\n\n<p><a href=\"https:\/\/galeana.gob.mx\/index.php\/fraccion-xliii-el-listado-de-pensionados-y-jubilados-y-el-monto-que-reciben\/\" data-type=\"page\" data-id=\"22461\">FRACCION XLIII \u2013 El listado de pensionados y jubilados y el monto que reciben<\/a><\/p>\n\n\n\n<p><a href=\"https:\/\/galeana.gob.mx\/index.php\/fraccion-xliv-los-ingresos-recibidos-por-cualquier-concepto\/\" data-type=\"page\" data-id=\"22468\" target=\"_blank\" rel=\"noreferrer noopener\">FRACCION XLIV \u2013 Los ingresos recibidos por cualquier concepto<\/a><\/p>\n\n\n\n<p><a href=\"https:\/\/galeana.gob.mx\/index.php\/fraccion-xlv-donaciones-hechas-a-terceros-en-dinero-o-en-especie\/\" data-type=\"page\" data-id=\"22493\">FRACCION XLV \u2013 Donaciones hechas a terceros en dinero o en especie<\/a><\/p>\n\n\n\n<p><a href=\"https:\/\/galeana.gob.mx\/index.php\/fraccion-xlvi-el-catalogo-de-disposicion-y-guia-de-archivo-documental\/\" data-type=\"page\" data-id=\"22500\">FRACCION XLVI \u2013 El cat\u00e1logo de disposici\u00f3n y gu\u00eda de archivo documental<\/a><\/p>\n\n\n\n<p><a href=\"https:\/\/galeana.gob.mx\/index.php\/fraccion-xlvii-las-actas-de-sesiones-del-consejo-consultivo\/\" data-type=\"page\" data-id=\"22525\">FRACCION XLVII \u2013 Las actas de sesiones del consejo consultivo<\/a><\/p>\n\n\n\n<p><a href=\"https:\/\/galeana.gob.mx\/index.php\/fraccion-xlviii-a-proyectos-de-asociacion-publico-privado-correspondiente\/\" data-type=\"page\" data-id=\"22547\">FRACCION XLVIII-A Proyectos de asociaci\u00f3n publico-privado correspondiente<\/a><\/p>\n\n\n\n<p><a href=\"https:\/\/galeana.gob.mx\/index.php\/fraccion-xlix-una-relacion-de-los-servidores-publicos-comisionados-por-cualquier-cosa\/\" data-type=\"page\" data-id=\"22486\">FRACCION XLIX \u2013 Una relaci\u00f3n de los servidores p\u00fablicos comisionados por cualquier cosa<\/a><\/p>\n\n\n\n<p><a href=\"https:\/\/galeana.gob.mx\/index.php\/fraccion-l-un-listado-de-los-programas-de-capacitacion\/\" data-type=\"page\" data-id=\"22282\">FRACCION L \u2013 Un listado de los programas de capacitaci\u00f3n<\/a><\/p>\n\n\n\n<p><a href=\"https:\/\/galeana.gob.mx\/index.php\/fraccion-li-los-resultados-de-las-evaluaciones-de-desempeno-de-los-servidores-publicos\/\" data-type=\"page\" data-id=\"22289\">FRACCION LI \u2013 Los resultados de las evaluaciones de desempe\u00f1o de los servidores p\u00fablicos<\/a><\/p>\n\n\n\n<p><a href=\"https:\/\/galeana.gob.mx\/index.php\/fraccion-lii-el-listado-de-las-acciones-de-inconstitucionalidad-y-controversias\/\" data-type=\"page\" data-id=\"22296\">FRACCION LII \u2013 El listado de las acciones de inconstitucionalidad y controversias<\/a><\/p>\n\n\n\n<p><a href=\"https:\/\/galeana.gob.mx\/index.php\/fraccion-liv-cualquier-otra-informacion-que-sea-de-utilidad\/\" data-type=\"page\" data-id=\"22303\">FRACCION LIV \u2013 Cualquier otra informaci\u00f3n que sea de utilidad<\/a><\/p>\n\n\n\n<p><a href=\"https:\/\/galeana.gob.mx\/index.php\/fraccion-_-ultimo-parrafo-los-rubros-aplicables-a-su-pagina-de-internet\/\" data-type=\"page\" data-id=\"23107\">FRACCION _ \u00daLTIMO P\u00c1RRAFO \u2013 Los rubros aplicables a su pagina de internet<\/a><\/p>\n","protected":false},"excerpt":{"rendered":"<p>FRACCION I \u2013 El Marco Normativo Aplicable al Sujeto Obligado FRACCION II \u2013 Su estructura Org\u00e1nica Completa FRACCION III \u2013 Las Facultades de cada \u00c1rea FRACCION IV \u2013 Las metas y Objetivos de las \u00c1reas FRACCION V \u2013 Los indicadores relacionados con temas de inter\u00e9s publico FRACCION VI \u2013 Los indicadores que permitan rendir cuenta [&hellip;]<\/p>\n","protected":false},"author":1,"featured_media":0,"parent":0,"menu_order":0,"comment_status":"closed","ping_status":"closed","template":"","meta":{"footnotes":""},"class_list":["post-22219","page","type-page","status-publish","hentry"],"_links":{"self":[{"href":"https:\/\/galeana.gob.mx\/index.php\/wp-json\/wp\/v2\/pages\/22219","targetHints":{"allow":["GET"]}}],"collection":[{"href":"https:\/\/galeana.gob.mx\/index.php\/wp-json\/wp\/v2\/pages"}],"about":[{"href":"https:\/\/galeana.gob.mx\/index.php\/wp-json\/wp\/v2\/types\/page"}],"author":[{"embeddable":true,"href":"https:\/\/galeana.gob.mx\/index.php\/wp-json\/wp\/v2\/users\/1"}],"replies":[{"embeddable":true,"href":"https:\/\/galeana.gob.mx\/index.php\/wp-json\/wp\/v2\/comments?post=22219"}],"version-history":[{"count":0,"href":"https:\/\/galeana.gob.mx\/index.php\/wp-json\/wp\/v2\/pages\/22219\/revisions"}],"wp:attachment":[{"href":"https:\/\/galeana.gob.mx\/index.php\/wp-json\/wp\/v2\/media?parent=22219"}],"curies":[{"name":"wp","href":"https:\/\/api.w.org\/{rel}","templated":true}]}}