{"id":192,"date":"2021-03-01T01:12:07","date_gmt":"2021-03-01T07:12:07","guid":{"rendered":"http:\/\/galeana.gob.mx\/?page_id=192"},"modified":"2025-08-13T14:06:12","modified_gmt":"2025-08-13T20:06:12","slug":"transparencia-2","status":"publish","type":"page","link":"https:\/\/galeana.gob.mx\/index.php\/transparencia-2\/","title":{"rendered":"Transparencia"},"content":{"rendered":"\n<p><a href=\"https:\/\/galeana.gob.mx\/index.php\/tablas-de-aplicabilidad-municipio-de-galeana\/\" data-type=\"page\" data-id=\"9299\">TABLAS DE APLICABILIDAD MUNICIPIO DE GALEANA<\/a><\/p>\n\n\n\n<p><a href=\"https:\/\/galeana.gob.mx\/index.php\/aviso-de-privacidad-20\/\" data-type=\"page\" data-id=\"14545\">AVISO DE PRIVACIDAD<\/a><\/p>\n\n\n\n<p><a href=\"https:\/\/galeana.gob.mx\/index.php\/archivos-temporales\/\" data-type=\"page\" data-id=\"16915\">ARCHIVOS TEMPORALES<\/a><\/p>\n\n\n\n<p><a href=\"https:\/\/galeana.gob.mx\/index.php\/politicas-y-programas-de-proteccion-de-datos-personales-2021-2024-2\/\" data-type=\"page\" data-id=\"25900\">Pol\u00edticas y programas de protecci\u00f3n de datos personales 2024-2027<\/a><\/p>\n\n\n\n<p><a href=\"https:\/\/galeana.gob.mx\/index.php\/politicas-y-programas-de-proteccion-de-datos-personales-2021-2024\/\" data-type=\"page\" data-id=\"21762\">Pol\u00edticas y programas de protecci\u00f3n de datos personales 2021-2024<\/a><\/p>\n\n\n\n<p><a href=\"https:\/\/galeana.gob.mx\/index.php\/informe-anual-de-transparencia-2023\/\" data-type=\"page\" data-id=\"21853\">INFORME ANUAL DE TRANSPARENCIA 2023<\/a><\/p>\n\n\n\n<div class=\"wp-block-file\"><a id=\"wp-block-file--media-456ec764-c900-4925-8498-ba8e8fee5c8a\" href=\"https:\/\/galeana.gob.mx\/wp-content\/uploads\/2024\/04\/Documento-de-Seguridad-Prot.-Datos-Pers.-Gal.-NL.pdf\">Documento-de-Seguridad-Prot.-Datos-Pers.-Gal.-NL<\/a><\/div>\n\n\n\n<div class=\"wp-block-file\"><a id=\"wp-block-file--media-355126e7-52d0-4ce0-9749-aee95ccfca42\" href=\"https:\/\/galeana.gob.mx\/wp-content\/uploads\/2025\/08\/ACTUALIZACION-DOSO-2024-2025.pdf\">ACTUALIZACION DOSO-2024-2025<\/a><\/div>\n\n\n\n<p><a href=\"https:\/\/galeana.gob.mx\/index.php\/informe-anual-transparencia-2025\/\" data-type=\"page\" data-id=\"26985\">INFORME ANUAL TRANSPARENCIA 2025<\/a><\/p>\n","protected":false},"excerpt":{"rendered":"<p>TABLAS DE APLICABILIDAD MUNICIPIO DE GALEANA AVISO DE PRIVACIDAD ARCHIVOS TEMPORALES Pol\u00edticas y programas de protecci\u00f3n de datos personales 2024-2027 Pol\u00edticas y programas de protecci\u00f3n de datos personales 2021-2024 INFORME ANUAL DE TRANSPARENCIA 2023 INFORME ANUAL TRANSPARENCIA 2025<\/p>\n","protected":false},"author":1,"featured_media":0,"parent":0,"menu_order":0,"comment_status":"closed","ping_status":"closed","template":"","meta":{"footnotes":""},"class_list":["post-192","page","type-page","status-publish","hentry"],"_links":{"self":[{"href":"https:\/\/galeana.gob.mx\/index.php\/wp-json\/wp\/v2\/pages\/192","targetHints":{"allow":["GET"]}}],"collection":[{"href":"https:\/\/galeana.gob.mx\/index.php\/wp-json\/wp\/v2\/pages"}],"about":[{"href":"https:\/\/galeana.gob.mx\/index.php\/wp-json\/wp\/v2\/types\/page"}],"author":[{"embeddable":true,"href":"https:\/\/galeana.gob.mx\/index.php\/wp-json\/wp\/v2\/users\/1"}],"replies":[{"embeddable":true,"href":"https:\/\/galeana.gob.mx\/index.php\/wp-json\/wp\/v2\/comments?post=192"}],"version-history":[{"count":0,"href":"https:\/\/galeana.gob.mx\/index.php\/wp-json\/wp\/v2\/pages\/192\/revisions"}],"wp:attachment":[{"href":"https:\/\/galeana.gob.mx\/index.php\/wp-json\/wp\/v2\/media?parent=192"}],"curies":[{"name":"wp","href":"https:\/\/api.w.org\/{rel}","templated":true}]}}