{"id":15105,"date":"2022-09-07T11:14:42","date_gmt":"2022-09-07T16:14:42","guid":{"rendered":"https:\/\/galeana.gob.mx\/?page_id=15105"},"modified":"2022-09-07T11:47:01","modified_gmt":"2022-09-07T16:47:01","slug":"archivo-catalogo-de-disposicion-documental-y-guia-simple-de-archivo","status":"publish","type":"page","link":"https:\/\/galeana.gob.mx\/index.php\/archivo-catalogo-de-disposicion-documental-y-guia-simple-de-archivo\/","title":{"rendered":"Archivo\/Catalogo de Disposici\u00f3n Documental y Gu\u00eda Simple de Archivo"},"content":{"rendered":"\n<p><a href=\"https:\/\/galeana.gob.mx\/index.php\/actualizacion\/\" data-type=\"page\" data-id=\"15110\">Cuadro general de clasificaci\u00f3n archiv\u00edstica<\/a><\/p>\n\n\n\n<p><a href=\"https:\/\/galeana.gob.mx\/index.php\/actualizacion\/\" data-type=\"page\" data-id=\"15110\">Catalogo de disposici\u00f3n documental<\/a><\/p>\n\n\n\n<p><a href=\"https:\/\/galeana.gob.mx\/index.php\/actualizacion\/\" data-type=\"page\" data-id=\"15110\">Inventarios documentales<\/a><\/p>\n\n\n\n<p><a href=\"https:\/\/galeana.gob.mx\/index.php\/actualizacion\/\" data-type=\"page\" data-id=\"15110\">Gu\u00eda de archivo documental<\/a><\/p>\n\n\n\n<p><a href=\"https:\/\/galeana.gob.mx\/index.php\/actualizacion\/\" data-type=\"page\" data-id=\"15110\">\u00cdndice de expedientes clasificados como reservados<\/a><\/p>\n\n\n\n<p><a href=\"https:\/\/galeana.gob.mx\/index.php\/actualizacion\/\" data-type=\"page\" data-id=\"15110\">Programa anual de desarrollo archiv\u00edstico<\/a><\/p>\n\n\n\n<p><a href=\"https:\/\/galeana.gob.mx\/index.php\/actualizacion\/\" data-type=\"page\" data-id=\"15110\">Informe anual de cumplimiento<\/a><\/p>\n\n\n\n<p><a href=\"https:\/\/galeana.gob.mx\/index.php\/actualizacion\/\" data-type=\"page\" data-id=\"15110\">Dictamen y acta de baja documental y transferencias secundarias u otros<\/a><\/p>\n","protected":false},"excerpt":{"rendered":"<p>Cuadro general de clasificaci\u00f3n archiv\u00edstica Catalogo de disposici\u00f3n documental Inventarios documentales Gu\u00eda de archivo documental \u00cdndice de expedientes clasificados como reservados Programa anual de desarrollo archiv\u00edstico Informe anual de cumplimiento Dictamen y acta de baja documental y transferencias secundarias u otros<\/p>\n","protected":false},"author":1,"featured_media":0,"parent":0,"menu_order":0,"comment_status":"closed","ping_status":"closed","template":"","meta":{"footnotes":""},"class_list":["post-15105","page","type-page","status-publish","hentry"],"_links":{"self":[{"href":"https:\/\/galeana.gob.mx\/index.php\/wp-json\/wp\/v2\/pages\/15105","targetHints":{"allow":["GET"]}}],"collection":[{"href":"https:\/\/galeana.gob.mx\/index.php\/wp-json\/wp\/v2\/pages"}],"about":[{"href":"https:\/\/galeana.gob.mx\/index.php\/wp-json\/wp\/v2\/types\/page"}],"author":[{"embeddable":true,"href":"https:\/\/galeana.gob.mx\/index.php\/wp-json\/wp\/v2\/users\/1"}],"replies":[{"embeddable":true,"href":"https:\/\/galeana.gob.mx\/index.php\/wp-json\/wp\/v2\/comments?post=15105"}],"version-history":[{"count":0,"href":"https:\/\/galeana.gob.mx\/index.php\/wp-json\/wp\/v2\/pages\/15105\/revisions"}],"wp:attachment":[{"href":"https:\/\/galeana.gob.mx\/index.php\/wp-json\/wp\/v2\/media?parent=15105"}],"curies":[{"name":"wp","href":"https:\/\/api.w.org\/{rel}","templated":true}]}}