{"id":14887,"date":"2022-08-17T14:05:02","date_gmt":"2022-08-17T19:05:02","guid":{"rendered":"https:\/\/galeana.gob.mx\/?page_id=14887"},"modified":"2022-08-17T14:05:02","modified_gmt":"2022-08-17T19:05:02","slug":"da-clic-para-visualizar-la-respuesta-4","status":"publish","type":"page","link":"https:\/\/galeana.gob.mx\/index.php\/da-clic-para-visualizar-la-respuesta-4\/","title":{"rendered":"Da clic para visualizar la respuesta"},"content":{"rendered":"\n<p>Debes acudir a la ventanilla correspondiente en la Presidencia Municipal atendiendo las siguientes recomendaciones:<\/p>\n\n\n\n<ol class=\"wp-block-list\" type=\"1\"><li>Debe acudir la persona a nombre de qui\u00e9n se solicit\u00f3 el apoyo, ya que a su nombre saldr\u00e1 el cheque correspondiente y debe llevar una identificaci\u00f3n oficial con fotograf\u00eda. (de preferencia credencial de elector)<\/li><li>Si la persona a nombre de quien sali\u00f3 el cheque no puede acudir a recogerlo por alguna raz\u00f3n de fuerza mayor (enfermedad, discapacidad, ausencia etc.), la persona que pase a recoger el cheque deber\u00e1 entregar carta poder concedida por el titular del apoyo para ese fin, firmada por quien concede el poder (persona a nombre de qui\u00e9n est\u00e1 el cheque), firmada tambi\u00e9n por quien acepta el poder (persona que va a recoger el cheque en su nombre) y copia de la credencial de elector de los dos. Adem\u00e1s de las firmas de dos testigos con las copias de la credencial de elector de cada uno.<\/li><li>Si no has entregado las copias de la papeler\u00eda que necesitas, debes llevarlas al momento de recoger el cheque del apoyo, de lo contrario, no te lo entregar\u00e1n, hasta que cumplas con todos los requisitos.<\/li><\/ol>\n","protected":false},"excerpt":{"rendered":"<p>Debes acudir a la ventanilla correspondiente en la Presidencia Municipal atendiendo las siguientes recomendaciones: Debe acudir la persona a nombre de qui\u00e9n se solicit\u00f3 el apoyo, ya que a su nombre saldr\u00e1 el cheque correspondiente y debe llevar una identificaci\u00f3n oficial con fotograf\u00eda. (de preferencia credencial de elector) Si la persona a nombre de quien [&hellip;]<\/p>\n","protected":false},"author":1,"featured_media":0,"parent":0,"menu_order":0,"comment_status":"closed","ping_status":"closed","template":"","meta":{"footnotes":""},"class_list":["post-14887","page","type-page","status-publish","hentry"],"_links":{"self":[{"href":"https:\/\/galeana.gob.mx\/index.php\/wp-json\/wp\/v2\/pages\/14887","targetHints":{"allow":["GET"]}}],"collection":[{"href":"https:\/\/galeana.gob.mx\/index.php\/wp-json\/wp\/v2\/pages"}],"about":[{"href":"https:\/\/galeana.gob.mx\/index.php\/wp-json\/wp\/v2\/types\/page"}],"author":[{"embeddable":true,"href":"https:\/\/galeana.gob.mx\/index.php\/wp-json\/wp\/v2\/users\/1"}],"replies":[{"embeddable":true,"href":"https:\/\/galeana.gob.mx\/index.php\/wp-json\/wp\/v2\/comments?post=14887"}],"version-history":[{"count":0,"href":"https:\/\/galeana.gob.mx\/index.php\/wp-json\/wp\/v2\/pages\/14887\/revisions"}],"wp:attachment":[{"href":"https:\/\/galeana.gob.mx\/index.php\/wp-json\/wp\/v2\/media?parent=14887"}],"curies":[{"name":"wp","href":"https:\/\/api.w.org\/{rel}","templated":true}]}}