{"id":14886,"date":"2022-08-17T14:02:07","date_gmt":"2022-08-17T19:02:07","guid":{"rendered":"https:\/\/galeana.gob.mx\/?page_id=14886"},"modified":"2022-08-17T14:02:07","modified_gmt":"2022-08-17T19:02:07","slug":"da-clic-para-visualizar-la-respuesta-3","status":"publish","type":"page","link":"https:\/\/galeana.gob.mx\/index.php\/da-clic-para-visualizar-la-respuesta-3\/","title":{"rendered":"Da clic para visualizar la respuesta"},"content":{"rendered":"\n<p>Si tu apoyo fue autorizado:<\/p>\n\n\n\n<ol class=\"wp-block-list\" type=\"1\"><li>Se ordena que se realice un cheque por la cantidad autorizada y pasa a firmas del Alcalde y el Tesorero del Municipio respectivamente.<\/li><li>Una vez que ya est\u00e1 firmado el cheque con sus dos firmas autorizadas, el personal de tesorer\u00eda se comunicar\u00e1 contigo al n\u00famero telef\u00f3nico que proporcionaste para informarte que puedes pasar a recoger tu cheque de apoyo econ\u00f3mico.<\/li><li>Tambi\u00e9n puedes acudir a preguntar directamente a la ventanilla de tesorer\u00eda que corresponda, en la Presidencia Municipal de Galeana.<\/li><li>Puedes llamar al Tel.- 826-213-0898 para preguntar por tu apoyo en cualquier momento del tr\u00e1mite.<\/li><\/ol>\n","protected":false},"excerpt":{"rendered":"<p>Si tu apoyo fue autorizado: Se ordena que se realice un cheque por la cantidad autorizada y pasa a firmas del Alcalde y el Tesorero del Municipio respectivamente. Una vez que ya est\u00e1 firmado el cheque con sus dos firmas autorizadas, el personal de tesorer\u00eda se comunicar\u00e1 contigo al n\u00famero telef\u00f3nico que proporcionaste para informarte [&hellip;]<\/p>\n","protected":false},"author":1,"featured_media":0,"parent":0,"menu_order":0,"comment_status":"closed","ping_status":"closed","template":"","meta":{"footnotes":""},"class_list":["post-14886","page","type-page","status-publish","hentry"],"_links":{"self":[{"href":"https:\/\/galeana.gob.mx\/index.php\/wp-json\/wp\/v2\/pages\/14886","targetHints":{"allow":["GET"]}}],"collection":[{"href":"https:\/\/galeana.gob.mx\/index.php\/wp-json\/wp\/v2\/pages"}],"about":[{"href":"https:\/\/galeana.gob.mx\/index.php\/wp-json\/wp\/v2\/types\/page"}],"author":[{"embeddable":true,"href":"https:\/\/galeana.gob.mx\/index.php\/wp-json\/wp\/v2\/users\/1"}],"replies":[{"embeddable":true,"href":"https:\/\/galeana.gob.mx\/index.php\/wp-json\/wp\/v2\/comments?post=14886"}],"version-history":[{"count":0,"href":"https:\/\/galeana.gob.mx\/index.php\/wp-json\/wp\/v2\/pages\/14886\/revisions"}],"wp:attachment":[{"href":"https:\/\/galeana.gob.mx\/index.php\/wp-json\/wp\/v2\/media?parent=14886"}],"curies":[{"name":"wp","href":"https:\/\/api.w.org\/{rel}","templated":true}]}}