{"id":14880,"date":"2022-08-17T13:53:13","date_gmt":"2022-08-17T18:53:13","guid":{"rendered":"https:\/\/galeana.gob.mx\/?page_id=14880"},"modified":"2022-08-17T13:53:13","modified_gmt":"2022-08-17T18:53:13","slug":"da-clic-para-visualizar-la-respuesta-2","status":"publish","type":"page","link":"https:\/\/galeana.gob.mx\/index.php\/da-clic-para-visualizar-la-respuesta-2\/","title":{"rendered":"Da clic para visualizar la respuesta"},"content":{"rendered":"\n<p>Necesitas <strong><u>copia fotost\u00e1tica<\/u><\/strong> delos siguientes documentos:<\/p>\n\n\n\n<ol class=\"wp-block-list\" type=\"1\"><li>Credencial de elector o identificaci\u00f3n oficial con fotograf\u00eda.<\/li><li>Solicitud del Apoyo Econ\u00f3mico (<strong>original<\/strong>).<\/li><li>Comprobante de domicilio reciente que coincida con la credencial de elector.(recibo de servicio de agua y\/o luz)<\/li><li>Comprobantes del gasto realizado y\/o el motivo de solicitar el apoyo econ\u00f3mico.<\/li><li>Autorizaci\u00f3n y monto del apoyo econ\u00f3mico. (estos los define el Alcalde y\/o el tesorero despu\u00e9s de revisar tu solicitud y tu papeler\u00eda)<\/li><li>N\u00famero de tel\u00e9fono para contactarte en caso de que se autorice tu apoyo.<\/li><\/ol>\n","protected":false},"excerpt":{"rendered":"<p>Necesitas copia fotost\u00e1tica delos siguientes documentos: Credencial de elector o identificaci\u00f3n oficial con fotograf\u00eda. Solicitud del Apoyo Econ\u00f3mico (original). Comprobante de domicilio reciente que coincida con la credencial de elector.(recibo de servicio de agua y\/o luz) Comprobantes del gasto realizado y\/o el motivo de solicitar el apoyo econ\u00f3mico. Autorizaci\u00f3n y monto del apoyo econ\u00f3mico. (estos [&hellip;]<\/p>\n","protected":false},"author":1,"featured_media":0,"parent":0,"menu_order":0,"comment_status":"closed","ping_status":"closed","template":"","meta":{"footnotes":""},"class_list":["post-14880","page","type-page","status-publish","hentry"],"_links":{"self":[{"href":"https:\/\/galeana.gob.mx\/index.php\/wp-json\/wp\/v2\/pages\/14880","targetHints":{"allow":["GET"]}}],"collection":[{"href":"https:\/\/galeana.gob.mx\/index.php\/wp-json\/wp\/v2\/pages"}],"about":[{"href":"https:\/\/galeana.gob.mx\/index.php\/wp-json\/wp\/v2\/types\/page"}],"author":[{"embeddable":true,"href":"https:\/\/galeana.gob.mx\/index.php\/wp-json\/wp\/v2\/users\/1"}],"replies":[{"embeddable":true,"href":"https:\/\/galeana.gob.mx\/index.php\/wp-json\/wp\/v2\/comments?post=14880"}],"version-history":[{"count":0,"href":"https:\/\/galeana.gob.mx\/index.php\/wp-json\/wp\/v2\/pages\/14880\/revisions"}],"wp:attachment":[{"href":"https:\/\/galeana.gob.mx\/index.php\/wp-json\/wp\/v2\/media?parent=14880"}],"curies":[{"name":"wp","href":"https:\/\/api.w.org\/{rel}","templated":true}]}}