{"id":14862,"date":"2022-08-17T12:15:41","date_gmt":"2022-08-17T17:15:41","guid":{"rendered":"https:\/\/galeana.gob.mx\/?page_id=14862"},"modified":"2022-08-17T12:28:19","modified_gmt":"2022-08-17T17:28:19","slug":"da-clic-para-visualizar-la-respuesta","status":"publish","type":"page","link":"https:\/\/galeana.gob.mx\/index.php\/da-clic-para-visualizar-la-respuesta\/","title":{"rendered":"Da clic para visualizar la respuesta"},"content":{"rendered":"\n<p>1- Apoyo econ\u00f3mico a persona de bajos recursos.<\/p>\n\n\n\n<p>2- Apoyo econ\u00f3mico para gastos m\u00e9dicos a persona de bajos recursos.<\/p>\n\n\n\n<p>3- Apoyo econ\u00f3mico para gastos funerarios a persona de bajos recursos.<\/p>\n\n\n\n<p>4- Apoyo econ\u00f3mico para pago de cuotas escolares a persona de bajos recursos.<\/p>\n\n\n\n<p>5- Apoyo econ\u00f3mico para transporte escolar.<\/p>\n\n\n\n<p>6- Apoyo econ\u00f3mico a escuelas.<\/p>\n\n\n\n<p>7- Apoyo econ\u00f3mico a ejidos.<\/p>\n\n\n\n<p>\u00a08- Apoyo econ\u00f3mico a comunidades.<\/p>\n\n\n\n<p>9- Apoyo econ\u00f3mico a persona discapacitada de bajos recursos.<\/p>\n\n\n\n<p>10- Apoyo econ\u00f3mico a persona de la 3ra. Edad de bajos recursos.<\/p>\n","protected":false},"excerpt":{"rendered":"<p>1- Apoyo econ\u00f3mico a persona de bajos recursos. 2- Apoyo econ\u00f3mico para gastos m\u00e9dicos a persona de bajos recursos. 3- Apoyo econ\u00f3mico para gastos funerarios a persona de bajos recursos. 4- Apoyo econ\u00f3mico para pago de cuotas escolares a persona de bajos recursos. 5- Apoyo econ\u00f3mico para transporte escolar. 6- Apoyo econ\u00f3mico a escuelas. 7- [&hellip;]<\/p>\n","protected":false},"author":1,"featured_media":0,"parent":0,"menu_order":0,"comment_status":"closed","ping_status":"closed","template":"","meta":{"footnotes":""},"class_list":["post-14862","page","type-page","status-publish","hentry"],"_links":{"self":[{"href":"https:\/\/galeana.gob.mx\/index.php\/wp-json\/wp\/v2\/pages\/14862","targetHints":{"allow":["GET"]}}],"collection":[{"href":"https:\/\/galeana.gob.mx\/index.php\/wp-json\/wp\/v2\/pages"}],"about":[{"href":"https:\/\/galeana.gob.mx\/index.php\/wp-json\/wp\/v2\/types\/page"}],"author":[{"embeddable":true,"href":"https:\/\/galeana.gob.mx\/index.php\/wp-json\/wp\/v2\/users\/1"}],"replies":[{"embeddable":true,"href":"https:\/\/galeana.gob.mx\/index.php\/wp-json\/wp\/v2\/comments?post=14862"}],"version-history":[{"count":0,"href":"https:\/\/galeana.gob.mx\/index.php\/wp-json\/wp\/v2\/pages\/14862\/revisions"}],"wp:attachment":[{"href":"https:\/\/galeana.gob.mx\/index.php\/wp-json\/wp\/v2\/media?parent=14862"}],"curies":[{"name":"wp","href":"https:\/\/api.w.org\/{rel}","templated":true}]}}