{"id":14857,"date":"2022-08-17T12:08:19","date_gmt":"2022-08-17T17:08:19","guid":{"rendered":"https:\/\/galeana.gob.mx\/?page_id=14857"},"modified":"2022-08-17T14:05:19","modified_gmt":"2022-08-17T19:05:19","slug":"preguntas-frecuentes","status":"publish","type":"page","link":"https:\/\/galeana.gob.mx\/index.php\/preguntas-frecuentes\/","title":{"rendered":"PREGUNTAS FRECUENTES  DEL MUNICIPIO DE GALEANA, N. L."},"content":{"rendered":"<h2>\n<p style=\"text-align:justify\">1.- Aparte de los apoyos<br \/>\ninstitucionales \u00bfqu\u00e9 otro tipo de apoyos se ofrecen a los habitantes del<br \/>\nMunicipio de Galeana?<o:p><\/o:p><\/p>\n<p style=\"text-align:justify\">R=&nbsp;Tambi\u00e9n se ofrecen Apoyos Econ\u00f3micos directos.<o:p><\/o:p><\/p>\n<\/h2>\n<h2>\n<p style=\"text-align:justify\">2.- \u00bfDe qu\u00e9 tipo son estos Apoyos<br \/>\nEcon\u00f3micos directos?<o:p><\/o:p><\/p>\n<\/h2>\n<p>\t\t\t<a href=\"https:\/\/galeana.gob.mx\/index.php\/da-clic-para-visualizar-la-respuesta\/\" role=\"button\"><br \/>\n\t\t\t\t\t\tDa clic para visualizar la respuesta<br \/>\n\t\t\t\t\t<\/a><\/p>\n<h2>\n<p style=\"text-align:justify\">3.- \u00bfC\u00f3mo puedo tramitar este<br \/>\ntipo de apoyos econ\u00f3micos?<o:p><\/o:p><\/p>\n<p style=\"text-align:justify\">R=Debes acudir a las instalaciones de la Presidencia<br \/>\nMunicipal y realizar una solicitud por escrito en formato libre explicando el<br \/>\nmotivo de solicitar el apoyo.<o:p><\/o:p><\/p>\n<\/h2>\n<h2>\n<p style=\"text-align:justify\">4.- \u00bfA qui\u00e9n debo dirigir mi<br \/>\nsolicitud de Apoyo Econ\u00f3mico?<o:p><\/o:p><\/p>\n<p style=\"text-align:justify\">R=&nbsp;La solicitud debe ser dirigida al Alcalde Municipal, Lic.<br \/>\nAlejandro Javier Pedroza Flores con Atenci\u00f3n al Lic. Rolando Azael Guerrero<br \/>\nRangel, Tesorero Municipal. Ya que solo ellos tienen las facultades para<br \/>\nautorizar este tipo de apoyos.<o:p><\/o:p><\/p>\n<\/h2>\n<h2>\n<p style=\"text-align:justify\">5.- \u00bfQu\u00e9 documentaci\u00f3n necesito<br \/>\npara tramitar un Apoyo Econ\u00f3mico?<o:p><\/o:p><\/p>\n<\/h2>\n<p>\t\t\t<a href=\"https:\/\/galeana.gob.mx\/index.php\/da-clic-para-visualizar-la-respuesta-2\/\" role=\"button\"><br \/>\n\t\t\t\t\t\tDa clic para visualizar la respuesta<br \/>\n\t\t\t\t\t<\/a><\/p>\n<h2>\n<p style=\"text-align:justify\">6.- \u00bfC\u00f3mo s\u00e9 si el Apoyo que<br \/>\nsolicit\u00e9 fue autorizado y ya puedo pasar a recogerlo?<o:p><\/o:p><\/p>\n<\/h2>\n<p>\t\t\t<a href=\"https:\/\/galeana.gob.mx\/index.php\/da-clic-para-visualizar-la-respuesta-3\/\" role=\"button\"><br \/>\n\t\t\t\t\t\tDa clic para visualizar la respuesta<br \/>\n\t\t\t\t\t<\/a><\/p>\n<h2>\n<p style=\"text-align:justify\">7.- \u00bfQu\u00e9 necesito para recoger mi<br \/>\ncheque de apoyo econ\u00f3mico?<o:p><\/o:p><\/p>\n<\/h2>\n<p>\t\t\t<a href=\"https:\/\/galeana.gob.mx\/index.php\/da-clic-para-visualizar-la-respuesta-4\/\" role=\"button\"><br \/>\n\t\t\t\t\t\tDa clic para visualizar la respuesta<br \/>\n\t\t\t\t\t<\/a><\/p>\n<h2>\n<p style=\"text-align:justify\">8.- \u00bfPero si ya mand\u00e9 fotos de mi<br \/>\npapeler\u00eda por whatsAapp puedo recoger mi apoyo econ\u00f3mico?<o:p><\/o:p><\/p>\n<p style=\"margin-left:35.25pt;text-align:justify;text-indent:\n-35.25pt\">R= <b>NO<\/b>, no puedes. Es necesario que entregues copias fotost\u00e1ticas de<br \/>\ntodos los documentos o documentos escaneados y digitalizados directamente del<br \/>\noriginal en formato .pdf, las fotos solo sirven para iniciar el tr\u00e1mite de tu<br \/>\nsolicitud, pero no para recoger el cheque de apoyo.<o:p><\/o:p><\/p>\n<\/h2>\n<h2>\n<p style=\"text-align:justify\">9.- \u00bfQu\u00e9 documentos firmo al<br \/>\nrecibir el Apoyo Econ\u00f3mico?<o:p><\/o:p><\/p>\n<p style=\"margin-left:35.25pt;text-align:justify;text-indent:\n-35.25pt\">R=       Firmas de recibido la p\u00f3liza del cheque que se te entrega y el recibo de apoyo econ\u00f3mico de la Tesorer\u00eda Municipal.<o:p><\/o:p><\/p>\n<\/h2>\n<h2>\n<p style=\"margin-left:35.25pt;text-align:justify;text-indent:\n-35.25pt\">10.- \u00bfPuedo solicitar m\u00e1s de un apoyo econ\u00f3mico por distintas razones?<\/p>\n<p style=\"margin-left:35.25pt;text-align:justify;text-indent:\n-35.25pt\"><o:p><\/o:p><\/p>\n<p style=\"margin-left:35.25pt;text-align:justify;text-indent:\n-35.25pt\">R= <b>SI, <\/b>si puedes pero recuerda que est\u00e1n sujetos a previa autorizaci\u00f3n<br \/>\ndel Alcalde del Municipio.<o:p><\/o:p><\/p>\n<p style=\"text-align:justify\">&nbsp;<br \/>\n<o:p><\/o:p><\/p>\n<\/h2>\n","protected":false},"excerpt":{"rendered":"<p>1.- Aparte de los apoyos institucionales \u00bfqu\u00e9 otro tipo de apoyos se ofrecen a los habitantes del Municipio de Galeana? R=&nbsp;Tambi\u00e9n se ofrecen Apoyos Econ\u00f3micos directos. 2.- \u00bfDe qu\u00e9 tipo son estos Apoyos Econ\u00f3micos directos? Da clic para visualizar la respuesta 3.- \u00bfC\u00f3mo puedo tramitar este tipo de apoyos econ\u00f3micos? R=Debes acudir a las instalaciones [&hellip;]<\/p>\n","protected":false},"author":1,"featured_media":0,"parent":0,"menu_order":0,"comment_status":"closed","ping_status":"closed","template":"","meta":{"footnotes":""},"class_list":["post-14857","page","type-page","status-publish","hentry"],"_links":{"self":[{"href":"https:\/\/galeana.gob.mx\/index.php\/wp-json\/wp\/v2\/pages\/14857","targetHints":{"allow":["GET"]}}],"collection":[{"href":"https:\/\/galeana.gob.mx\/index.php\/wp-json\/wp\/v2\/pages"}],"about":[{"href":"https:\/\/galeana.gob.mx\/index.php\/wp-json\/wp\/v2\/types\/page"}],"author":[{"embeddable":true,"href":"https:\/\/galeana.gob.mx\/index.php\/wp-json\/wp\/v2\/users\/1"}],"replies":[{"embeddable":true,"href":"https:\/\/galeana.gob.mx\/index.php\/wp-json\/wp\/v2\/comments?post=14857"}],"version-history":[{"count":0,"href":"https:\/\/galeana.gob.mx\/index.php\/wp-json\/wp\/v2\/pages\/14857\/revisions"}],"wp:attachment":[{"href":"https:\/\/galeana.gob.mx\/index.php\/wp-json\/wp\/v2\/media?parent=14857"}],"curies":[{"name":"wp","href":"https:\/\/api.w.org\/{rel}","templated":true}]}}